{"id":10206,"date":"2025-06-03T06:27:23","date_gmt":"2025-06-03T06:27:23","guid":{"rendered":"https:\/\/enter.izvrsna.hr\/?page_id=10206"},"modified":"2025-11-12T10:20:49","modified_gmt":"2025-11-12T10:20:49","slug":"enter-2025","status":"publish","type":"page","link":"https:\/\/enter.izvrsna.hr\/","title":{"rendered":"Enter 2025"},"content":{"rendered":"\n<div class=\"wp-block-group shopBanner\"><div class=\"wp-block-group__inner-container is-layout-constrained wp-block-group-is-layout-constrained\">\n<h2 class=\"wp-block-heading\"><a href=\"https:\/\/shop.izvrsna.hr\/\">Shop izvrsna<\/a><\/h2>\n\n\n\n<p>Vrijeme je za jo\u0161 jednu ENTER Konferenciju! Pridru\u017eite nam se u prosincu u Splitu na petom izdanju konferencije Enter \u21b5 into science i podijelite s nama na\u010dine na koje ste znanstvene spoznaje i metodologiju primijenili u va\u0161im u\u010dionicama.<\/p>\n\n\n\n<p><a href=\"https:\/\/shop.izvrsna.hr\/\">Prijavi se na konferenciju<\/a><\/p>\n<\/div><\/div>\n\n\n<div class=\"wp-block-group grid grid-cols-1 md:grid-cols-2 md:gap-x-4 mb-20 hd:mb-[4.167vw]\">\n<div class=\"wp-block-group enter-5 min-h-[200px] hd:min-h-[10.417vw]\">\u00a0<\/div>\n<div class=\"wp-block-group\">\n<p>Vrijeme je za jo\u0161 jednu ENTER Konferenciju! Pridru\u017eite nam se u prosincu u Splitu na petom izdanju konferencije Enter \u21b5 into science i podijelite s nama na\u010dine na koje ste znanstvene spoznaje i metodologiju primijenili u va\u0161im u\u010dionicama.<\/p>\n<p>Veselimo se dru\u017eenju, umre\u017eavanju i razmjeni iskustava na va\u0161em putu unaprje\u0111enja odgojno-obrazovnog sustava, s naglaskom na pru\u017eanje podr\u0161ke visokomotiviranim i potencijalno darovitim u\u010denicima.<\/p>\n<p><!--\n\n\n\n\n\n\n\n\n\n\n\n\n\n\n\n\n<p>Predvi\u0111eno je mno\u0161tvo interaktivnih sadr\u017eaja na vi\u0161e pozornica: predavanja doma\u0107ih i stranih stru\u010dnjaka, radionice i poster sekcija.  Konferencija ENTER into science ima va\u017enu ulogu u razvoju dionika odgojno-obrazovnog sustava koji na bilo koji na\u010din sudjeluju u ostvarenju potencijala visokomotiviranih, potencijalno darovitih i svih ostalih u\u010denika. <\/p>\n\n\n\n\n\n\n\n\n\n\n\n\n\n\n\n --><\/p>\n<\/div>\n<\/div>\n<figure class=\"wp-block-image alignfull size-large photoCoverHolder max-h-[598px] hd:max-h-[31.146vw] rounded-2xl hd:rounded-[1.667vw] overflow-hidden\"><img loading=\"lazy\" decoding=\"async\" class=\"alignnone size-full wp-image-16\" src=\"https:\/\/enter.izvrsna.hr\/wp-content\/uploads\/2025\/06\/enter_conference_01.jpg\" alt=\"\" width=\"1440\" height=\"960\" \/><\/figure>\n<div class=\"wp-block-group grid grid-cols-1 md:grid-cols-2 md:gap-x-4 mb-20 hd:mb-[4.167vw] mt-10 hd:mt-[2.083vw]\">\n<div class=\"wp-block-group p-4 md:p-16 hd:p-[3.333vw]\">\n<h3 class=\"wp-block-heading leading-[1.2] text-[2.7rem] lg:text-[5rem] xl:text-[6rem] hd:text-[5vw] font-bold\">Za\u0161to sudjelovati<\/h3>\n<\/div>\n<div class=\"wp-block-group p-4 md:p-16 hd:p-[3.333vw]\"><!-- \n\n\n\n\n\n\n\n\n\n\n\n\n\n\n\n\n<p>ENTER konferencija jedinstven je, multitematski i interaktivni doga\u0111aj koji spaja obrazovanje i povezane industrije kao \u0161to su IKT, izdava\u0161tvo, turizam i druge, koje odgojno-obrazovnom sustavu daju inovativnost te dodatni impuls u kreiranju programa koji \u0107e maksimalno razvijati interese i potencijale djece i mladih.<\/p>\n\n\n\n\n\n\n\n\n\n\n\n\n\n\n\n --><\/p>\n<p>Kao predava\u010d na konferenciji ENTER, dobivate jedinstvenu priliku predstaviti svoja postignu\u0107a, inovativne projekte i stru\u010dna znanja pred motiviranom publikom kolega iz odgojno-obrazovnog sustava i \u0161ire. Va\u0161e sudjelovanje omogu\u0107uje vam da pove\u0107ate vidljivost svog rada u stru\u010dnim krugovima i direktno utje\u010dete na unaprje\u0111enje obrazovnog sustava.<\/p>\n<p>Prijavite svoje izlaganje i postanite klju\u010dni dio ENTER Konferencije!<\/p>\n<p class=\"animatedBttn\"><a href=\"https:\/\/enter.izvrsna.hr\/prijava-za-enter-2025\/\">Prijavi se<\/a><\/p>\n<\/div>\n<\/div>\n\n\n<div class=\"wp-block-group goals\"><div class=\"wp-block-group__inner-container is-layout-constrained wp-block-group-is-layout-constrained\">\n<div class=\"wp-block-group\"><div class=\"wp-block-group__inner-container is-layout-constrained wp-block-group-is-layout-constrained\">\n<p>Ciljevi konferencije<br>Enter into science<\/p>\n<\/div><\/div>\n\n\n\n<div class=\"wp-block-cover is-light\"><img loading=\"lazy\" decoding=\"async\" width=\"960\" height=\"640\" class=\"wp-block-cover__image-background wp-image-10211 size-full\" alt=\"\" src=\"https:\/\/enter.izvrsna.hr\/wp-content\/uploads\/2025\/06\/enter_umrezavanje_back.jpg\" data-object-fit=\"cover\" srcset=\"https:\/\/enter.izvrsna.hr\/wp-content\/uploads\/2025\/06\/enter_umrezavanje_back.jpg 960w, https:\/\/enter.izvrsna.hr\/wp-content\/uploads\/2025\/06\/enter_umrezavanje_back-300x200.jpg 300w, https:\/\/enter.izvrsna.hr\/wp-content\/uploads\/2025\/06\/enter_umrezavanje_back-768x512.jpg 768w\" sizes=\"auto, (max-width: 960px) 100vw, 960px\" \/><span aria-hidden=\"true\" class=\"wp-block-cover__background has-background-dim\" style=\"background-color:#b29379\"><\/span><div class=\"wp-block-cover__inner-container is-layout-constrained wp-block-cover-is-layout-constrained\">\n<p class=\"has-text-align-left has-large-font-size\">Umre\u017eavanje<\/p>\n\n\n\n<p>sa sebi sli\u010dnima i razli\u010ditima<\/p>\n<\/div><\/div>\n\n\n\n<div class=\"wp-block-cover\"><img loading=\"lazy\" decoding=\"async\" width=\"960\" height=\"640\" class=\"wp-block-cover__image-background wp-image-10212 size-full\" alt=\"\" src=\"https:\/\/enter.izvrsna.hr\/wp-content\/uploads\/2025\/06\/enter_razmjena_back.jpg\" data-object-fit=\"cover\" srcset=\"https:\/\/enter.izvrsna.hr\/wp-content\/uploads\/2025\/06\/enter_razmjena_back.jpg 960w, https:\/\/enter.izvrsna.hr\/wp-content\/uploads\/2025\/06\/enter_razmjena_back-300x200.jpg 300w, https:\/\/enter.izvrsna.hr\/wp-content\/uploads\/2025\/06\/enter_razmjena_back-768x512.jpg 768w\" sizes=\"auto, (max-width: 960px) 100vw, 960px\" \/><span aria-hidden=\"true\" class=\"wp-block-cover__background has-background-dim\" style=\"background-color:#7d5d68\"><\/span><div class=\"wp-block-cover__inner-container is-layout-constrained wp-block-cover-is-layout-constrained\">\n<p class=\"has-text-align-left has-large-font-size\">Razmjena<\/p>\n\n\n\n<p>ideja i primjera dobre prakse<\/p>\n<\/div><\/div>\n\n\n\n<div class=\"wp-block-cover\"><img loading=\"lazy\" decoding=\"async\" width=\"960\" height=\"640\" class=\"wp-block-cover__image-background wp-image-10213 size-full\" alt=\"\" src=\"https:\/\/enter.izvrsna.hr\/wp-content\/uploads\/2025\/06\/enter_unapredjenje_back.jpg\" data-object-fit=\"cover\" srcset=\"https:\/\/enter.izvrsna.hr\/wp-content\/uploads\/2025\/06\/enter_unapredjenje_back.jpg 960w, https:\/\/enter.izvrsna.hr\/wp-content\/uploads\/2025\/06\/enter_unapredjenje_back-300x200.jpg 300w, https:\/\/enter.izvrsna.hr\/wp-content\/uploads\/2025\/06\/enter_unapredjenje_back-768x512.jpg 768w\" sizes=\"auto, (max-width: 960px) 100vw, 960px\" \/><span aria-hidden=\"true\" class=\"wp-block-cover__background has-background-dim\" style=\"background-color:#513228\"><\/span><div class=\"wp-block-cover__inner-container is-layout-constrained wp-block-cover-is-layout-constrained\">\n<p class=\"has-text-align-left has-large-font-size\">Unaprje\u0111enje<\/p>\n\n\n\n<p>sustava odgoja i obrazovanja<\/p>\n<\/div><\/div>\n\n\n\n<div class=\"wp-block-cover\"><img loading=\"lazy\" decoding=\"async\" width=\"960\" height=\"720\" class=\"wp-block-cover__image-background wp-image-10214 size-full\" alt=\"\" src=\"https:\/\/enter.izvrsna.hr\/wp-content\/uploads\/2025\/06\/enter_podrska_back.jpg\" data-object-fit=\"cover\" srcset=\"https:\/\/enter.izvrsna.hr\/wp-content\/uploads\/2025\/06\/enter_podrska_back.jpg 960w, https:\/\/enter.izvrsna.hr\/wp-content\/uploads\/2025\/06\/enter_podrska_back-300x225.jpg 300w, https:\/\/enter.izvrsna.hr\/wp-content\/uploads\/2025\/06\/enter_podrska_back-768x576.jpg 768w\" sizes=\"auto, (max-width: 960px) 100vw, 960px\" \/><span aria-hidden=\"true\" class=\"wp-block-cover__background has-background-dim\" style=\"background-color:#624d45\"><\/span><div class=\"wp-block-cover__inner-container is-layout-constrained wp-block-cover-is-layout-constrained\">\n<p class=\"has-text-align-left has-large-font-size\">Podr\u0161ka<\/p>\n\n\n\n<p>visokomotiviranim i potencijalno darovitim u\u010denicima<\/p>\n<\/div><\/div>\n<\/div><\/div>\n\n\n<div class=\"wp-block-group speakersCarouselWrapper\">\n<h2 class=\"wp-block-heading text-left\">Upoznaj predava\u010de<\/h2>\n<p class=\"text-left\">Pregledajte ovogodi\u0161nji Line-up Enter predava\u010da.<\/p>\n<div id=\"speakers-carousel\" class=\"owl-carousel owl-theme speakers-carousel\">            <div class=\"speaker-card item\">\n                <div>\n                    <a href=\"https:\/\/enter.izvrsna.hr\/speakers\/ana-majic\/\" class=\"no-underline\">\n                        <div class=\"overflow-hidden rounded-[16px] mb-4\">\n                            <img loading=\"lazy\" decoding=\"async\" width=\"270\" height=\"303\" src=\"https:\/\/enter.izvrsna.hr\/wp-content\/uploads\/2024\/11\/7.-Ana-Majic.png\" class=\"w-full m-0 object-cover transition-transform duration-300 hover:scale-105 wp-post-image\" alt=\"\" srcset=\"https:\/\/enter.izvrsna.hr\/wp-content\/uploads\/2024\/11\/7.-Ana-Majic.png 270w, https:\/\/enter.izvrsna.hr\/wp-content\/uploads\/2024\/11\/7.-Ana-Majic-267x300.png 267w\" sizes=\"auto, (max-width: 270px) 100vw, 270px\" \/>                        <\/div>\n                        <h2 class=\"text-[20px] hd:text-[1.042vw] font-bold m-0 leading-tight mb-1 text-left\">Ana Maji\u0107<\/h2>\n                    <\/a>\n                    \n                                            <p class=\"text-[14px] hd:text-[0.729vw] text-[#787878] m-0 leading-tight\">psiholog, CI SD\u017d<\/p>\n                        \n                    <div class=\"mt-4\">\n                        <p class=\"text-[16px] hd:text-[0.833vw] mb-0\">Ana Maji\u0107, profesorica psihologije, zaposlena je kao vi\u0161i stru\u010dni savjetnik u CI SD\u017d od 2019.godine. Prije toga radila je kao...<\/p>\n                    <\/div>\n                <\/div>\n    \n                            <\/div>\n                        <div class=\"speaker-card item\">\n                <div>\n                    <a href=\"https:\/\/enter.izvrsna.hr\/speakers\/ivica-zelic\/\" class=\"no-underline\">\n                        <div class=\"overflow-hidden rounded-[16px] mb-4\">\n                            <img loading=\"lazy\" decoding=\"async\" width=\"270\" height=\"303\" src=\"https:\/\/enter.izvrsna.hr\/wp-content\/uploads\/2023\/10\/ivicazelic.png\" class=\"w-full m-0 object-cover transition-transform duration-300 hover:scale-105 wp-post-image\" alt=\"\" srcset=\"https:\/\/enter.izvrsna.hr\/wp-content\/uploads\/2023\/10\/ivicazelic.png 270w, https:\/\/enter.izvrsna.hr\/wp-content\/uploads\/2023\/10\/ivicazelic-267x300.png 267w\" sizes=\"auto, (max-width: 270px) 100vw, 270px\" \/>                        <\/div>\n                        <h2 class=\"text-[20px] hd:text-[1.042vw] font-bold m-0 leading-tight mb-1 text-left\">Ivica Zeli\u0107<\/h2>\n                    <\/a>\n                    \n                                            <p class=\"text-[14px] hd:text-[0.729vw] text-[#787878] m-0 leading-tight\">ravnatelj CI SD\u017d<\/p>\n                        \n                    <div class=\"mt-4\">\n                        <p class=\"text-[16px] hd:text-[0.833vw] mb-0\">Ivica Zeli\u0107, profesor, ravnatelj CI SD\u017d. Nakon zavr\u0161etka Kineziolo\u0161kog fakulteta u Splitu duginiz godina radio je kao profesor i ravnatelj...<\/p>\n                    <\/div>\n                <\/div>\n    \n                            <\/div>\n                        <div class=\"speaker-card item\">\n                <div>\n                    <a href=\"https:\/\/enter.izvrsna.hr\/speakers\/viktor-viljac\/\" class=\"no-underline\">\n                        <div class=\"overflow-hidden rounded-[16px] mb-4\">\n                            <img loading=\"lazy\" decoding=\"async\" width=\"282\" height=\"360\" src=\"https:\/\/enter.izvrsna.hr\/wp-content\/uploads\/2025\/08\/1711751078698-ae56e715e650d10ddfb6848057d21581-282x360.jpg\" class=\"w-full m-0 object-cover transition-transform duration-300 hover:scale-105 wp-post-image\" alt=\"\" \/>                        <\/div>\n                        <h2 class=\"text-[20px] hd:text-[1.042vw] font-bold m-0 leading-tight mb-1 text-left\">Viktor Viljac<\/h2>\n                    <\/a>\n                    \n                                            <p class=\"text-[14px] hd:text-[0.729vw] text-[#787878] m-0 leading-tight\">Neutroni<\/p>\n                        \n                    <div class=\"mt-4\">\n                        <p class=\"text-[16px] hd:text-[0.833vw] mb-0\">Ravnatelj Udruge Neutroni, osniva\u010d i koordinator niza obrazovnih i istra\u017eiva\u010dkih projekata za mlade. Voditelj studije PRI\u0160A te organizator Aj+Ti konferencije....<\/p>\n                    <\/div>\n                <\/div>\n    \n                                    <div class=\"mt-auto pt-6\">\n                            \n                                                    <div class=\"social-links flex flex-wrap gap-3\">\n                                                                        <a href=\"http:\/\/viktor.viljac@neutroni.hr\" target=\"_blank\" rel=\"noopener noreferrer\" class=\"text-gray-500 hover:text-blue-500 transition-colors duration-200\"><\/a>\n                                                                <\/div>\n                                            <\/div>\n                            <\/div>\n            <\/div>\n<div class=\"wp-block-buttons\"><a class=\"wp-block-button__link wp-element-button\" href=\"\/speakers\">Svi predava\u010di<\/a><\/div>\n<\/div>\n\n\n<div class=\"wp-block-group content industries\"><div class=\"wp-block-group__inner-container is-layout-constrained wp-block-group-is-layout-constrained\">\n<h2 class=\"wp-block-heading has-text-align-center\">Znanje se dijeljenjem mno\u017ei!<\/h2>\n\n\n\n<p class=\"has-text-align-center\">Podijelite s nama vlastita iskustva i znanja iz raznih podru\u010dja!<\/p>\n\n\n\n<div class=\"wp-block-group\"><div class=\"wp-block-group__inner-container is-layout-constrained wp-block-group-is-layout-constrained\">\n<p class=\"has-text-align-center\"><a href=\"javascript:void(0)\">Kreativno<\/a> <a href=\"javascript:void(0)\">Inovativno<\/a> <a href=\"javascript:void(0)\">Inspirativno<\/a> <a href=\"javascript:void(0)\">Stru\u010dno<\/a> <a href=\"javascript:void(0)\">Interdisciplinarno<\/a> <a href=\"javascript:void(0)\">Originalno<\/a> <a href=\"javascript:void(0)\">Kooperativno<\/a><\/p>\n<\/div><\/div>\n<\/div><\/div>\n\n\n\n<div class=\"wp-block-group content\"><div class=\"wp-block-group__inner-container is-layout-constrained wp-block-group-is-layout-constrained\">\n<h2 class=\"wp-block-heading\">Na\u0161i Sponzori i Partneri<\/h2>\n\n\n\n<div class=\"wp-block-group carousel\"><div class=\"wp-block-group__inner-container is-layout-constrained wp-block-group-is-layout-constrained\">\n<figure class=\"wp-block-image size-full\"><img loading=\"lazy\" decoding=\"async\" width=\"361\" height=\"72\" src=\"https:\/\/enter.izvrsna.hr\/wp-content\/uploads\/2025\/06\/Centar_izvrsnosti.svg\" alt=\"\" class=\"wp-image-10229\"\/><\/figure>\n\n\n\n<figure class=\"wp-block-image size-full\"><img loading=\"lazy\" decoding=\"async\" width=\"178\" height=\"72\" src=\"https:\/\/enter.izvrsna.hr\/wp-content\/uploads\/2025\/06\/Splitsko_dalmatinska_zupanija.svg\" alt=\"\" class=\"wp-image-10230\"\/><\/figure>\n\n\n\n<figure class=\"wp-block-image size-full\"><img loading=\"lazy\" decoding=\"async\" width=\"303\" height=\"72\" src=\"https:\/\/enter.izvrsna.hr\/wp-content\/uploads\/2025\/06\/Jadranski-Logo.svg\" alt=\"\" class=\"wp-image-10231\"\/><\/figure>\n<\/div><\/div>\n<\/div><\/div>\n","protected":false},"excerpt":{"rendered":"<p>Shop izvrsna Vrijeme je za jo\u0161 jednu ENTER Konferenciju! Pridru\u017eite nam se u prosincu u Splitu na petom izdanju konferencije Enter \u21b5 into science i podijelite s nama na\u010dine na koje ste znanstvene spoznaje i metodologiju primijenili u va\u0161im u\u010dionicama. Prijavi se na konferenciju \u00a0 Vrijeme je za jo\u0161 jednu ENTER Konferenciju! Pridru\u017eite nam se [&hellip;]<\/p>\n","protected":false},"author":9,"featured_media":0,"parent":0,"menu_order":0,"comment_status":"closed","ping_status":"closed","template":"index.php","meta":{"footnotes":""},"class_list":["post-10206","page","type-page","status-publish","hentry"],"yoast_head":"<!-- This site is optimized with the Yoast SEO plugin v23.4 - https:\/\/yoast.com\/wordpress\/plugins\/seo\/ -->\n<title>Enter 2025 - ENTER<\/title>\n<meta name=\"robots\" content=\"index, follow, max-snippet:-1, max-image-preview:large, max-video-preview:-1\" \/>\n<link rel=\"canonical\" href=\"https:\/\/enter.izvrsna.hr\/\" \/>\n<meta property=\"og:locale\" content=\"en_US\" \/>\n<meta property=\"og:type\" content=\"article\" \/>\n<meta property=\"og:title\" content=\"Enter 2025 - ENTER\" \/>\n<meta property=\"og:description\" content=\"Shop izvrsna Vrijeme je za jo\u0161 jednu ENTER Konferenciju! Pridru\u017eite nam se u prosincu u Splitu na petom izdanju konferencije Enter \u21b5 into science i podijelite s nama na\u010dine na koje ste znanstvene spoznaje i metodologiju primijenili u va\u0161im u\u010dionicama. Prijavi se na konferenciju \u00a0 Vrijeme je za jo\u0161 jednu ENTER Konferenciju! Pridru\u017eite nam se [&hellip;]\" \/>\n<meta property=\"og:url\" content=\"https:\/\/enter.izvrsna.hr\/\" \/>\n<meta property=\"og:site_name\" content=\"ENTER\" \/>\n<meta property=\"article:modified_time\" content=\"2025-11-12T10:20:49+00:00\" \/>\n<meta property=\"og:image\" content=\"https:\/\/enter.izvrsna.hr\/wp-content\/uploads\/2025\/06\/enter_conference_01.jpg\" \/>\n<meta name=\"twitter:card\" content=\"summary_large_image\" \/>\n<meta name=\"twitter:label1\" content=\"Est. reading time\" \/>\n\t<meta name=\"twitter:data1\" content=\"3 minutes\" \/>\n<script type=\"application\/ld+json\" class=\"yoast-schema-graph\">{\"@context\":\"https:\/\/schema.org\",\"@graph\":[{\"@type\":\"WebPage\",\"@id\":\"https:\/\/enter.izvrsna.hr\/\",\"url\":\"https:\/\/enter.izvrsna.hr\/\",\"name\":\"Enter 2025 - ENTER\",\"isPartOf\":{\"@id\":\"https:\/\/enter.izvrsna.hr\/#website\"},\"primaryImageOfPage\":{\"@id\":\"https:\/\/enter.izvrsna.hr\/#primaryimage\"},\"image\":{\"@id\":\"https:\/\/enter.izvrsna.hr\/#primaryimage\"},\"thumbnailUrl\":\"https:\/\/enter.izvrsna.hr\/wp-content\/uploads\/2025\/06\/enter_conference_01.jpg\",\"datePublished\":\"2025-06-03T06:27:23+00:00\",\"dateModified\":\"2025-11-12T10:20:49+00:00\",\"breadcrumb\":{\"@id\":\"https:\/\/enter.izvrsna.hr\/#breadcrumb\"},\"inLanguage\":\"en-US\",\"potentialAction\":[{\"@type\":\"ReadAction\",\"target\":[\"https:\/\/enter.izvrsna.hr\/\"]}]},{\"@type\":\"ImageObject\",\"inLanguage\":\"en-US\",\"@id\":\"https:\/\/enter.izvrsna.hr\/#primaryimage\",\"url\":\"https:\/\/enter.izvrsna.hr\/wp-content\/uploads\/2019\/10\/post-thumb-2.jpg\",\"contentUrl\":\"https:\/\/enter.izvrsna.hr\/wp-content\/uploads\/2019\/10\/post-thumb-2.jpg\",\"width\":90,\"height\":90},{\"@type\":\"BreadcrumbList\",\"@id\":\"https:\/\/enter.izvrsna.hr\/#breadcrumb\",\"itemListElement\":[{\"@type\":\"ListItem\",\"position\":1,\"name\":\"Po\u010detna stranica\",\"item\":\"https:\/\/enter.izvrsna.hr\/\"},{\"@type\":\"ListItem\",\"position\":2,\"name\":\"Enter 2025\"}]},{\"@type\":\"WebSite\",\"@id\":\"https:\/\/enter.izvrsna.hr\/#website\",\"url\":\"https:\/\/enter.izvrsna.hr\/\",\"name\":\"ENTER\",\"description\":\"Tko ho\u0107e, na\u0111e na\u010din. Tko ne\u0107e, na\u0111e izgovor!\",\"publisher\":{\"@id\":\"https:\/\/enter.izvrsna.hr\/#organization\"},\"potentialAction\":[{\"@type\":\"SearchAction\",\"target\":{\"@type\":\"EntryPoint\",\"urlTemplate\":\"https:\/\/enter.izvrsna.hr\/?s={search_term_string}\"},\"query-input\":{\"@type\":\"PropertyValueSpecification\",\"valueRequired\":true,\"valueName\":\"search_term_string\"}}],\"inLanguage\":\"en-US\"},{\"@type\":\"Organization\",\"@id\":\"https:\/\/enter.izvrsna.hr\/#organization\",\"name\":\"ENTER\",\"url\":\"https:\/\/enter.izvrsna.hr\/\",\"logo\":{\"@type\":\"ImageObject\",\"inLanguage\":\"en-US\",\"@id\":\"https:\/\/enter.izvrsna.hr\/#\/schema\/logo\/image\/\",\"url\":\"https:\/\/enter.izvrsna.hr\/wp-content\/uploads\/2023\/07\/LogoENTER2.png\",\"contentUrl\":\"https:\/\/enter.izvrsna.hr\/wp-content\/uploads\/2023\/07\/LogoENTER2.png\",\"width\":350,\"height\":478,\"caption\":\"ENTER\"},\"image\":{\"@id\":\"https:\/\/enter.izvrsna.hr\/#\/schema\/logo\/image\/\"}}]}<\/script>\n<!-- \/ Yoast SEO plugin. -->","yoast_head_json":{"title":"Enter 2025 - ENTER","robots":{"index":"index","follow":"follow","max-snippet":"max-snippet:-1","max-image-preview":"max-image-preview:large","max-video-preview":"max-video-preview:-1"},"canonical":"https:\/\/enter.izvrsna.hr\/","og_locale":"en_US","og_type":"article","og_title":"Enter 2025 - ENTER","og_description":"Shop izvrsna Vrijeme je za jo\u0161 jednu ENTER Konferenciju! Pridru\u017eite nam se u prosincu u Splitu na petom izdanju konferencije Enter \u21b5 into science i podijelite s nama na\u010dine na koje ste znanstvene spoznaje i metodologiju primijenili u va\u0161im u\u010dionicama. Prijavi se na konferenciju \u00a0 Vrijeme je za jo\u0161 jednu ENTER Konferenciju! Pridru\u017eite nam se [&hellip;]","og_url":"https:\/\/enter.izvrsna.hr\/","og_site_name":"ENTER","article_modified_time":"2025-11-12T10:20:49+00:00","og_image":[{"url":"https:\/\/enter.izvrsna.hr\/wp-content\/uploads\/2025\/06\/enter_conference_01.jpg"}],"twitter_card":"summary_large_image","twitter_misc":{"Est. reading time":"3 minutes"},"schema":{"@context":"https:\/\/schema.org","@graph":[{"@type":"WebPage","@id":"https:\/\/enter.izvrsna.hr\/","url":"https:\/\/enter.izvrsna.hr\/","name":"Enter 2025 - ENTER","isPartOf":{"@id":"https:\/\/enter.izvrsna.hr\/#website"},"primaryImageOfPage":{"@id":"https:\/\/enter.izvrsna.hr\/#primaryimage"},"image":{"@id":"https:\/\/enter.izvrsna.hr\/#primaryimage"},"thumbnailUrl":"https:\/\/enter.izvrsna.hr\/wp-content\/uploads\/2025\/06\/enter_conference_01.jpg","datePublished":"2025-06-03T06:27:23+00:00","dateModified":"2025-11-12T10:20:49+00:00","breadcrumb":{"@id":"https:\/\/enter.izvrsna.hr\/#breadcrumb"},"inLanguage":"en-US","potentialAction":[{"@type":"ReadAction","target":["https:\/\/enter.izvrsna.hr\/"]}]},{"@type":"ImageObject","inLanguage":"en-US","@id":"https:\/\/enter.izvrsna.hr\/#primaryimage","url":"https:\/\/enter.izvrsna.hr\/wp-content\/uploads\/2019\/10\/post-thumb-2.jpg","contentUrl":"https:\/\/enter.izvrsna.hr\/wp-content\/uploads\/2019\/10\/post-thumb-2.jpg","width":90,"height":90},{"@type":"BreadcrumbList","@id":"https:\/\/enter.izvrsna.hr\/#breadcrumb","itemListElement":[{"@type":"ListItem","position":1,"name":"Po\u010detna stranica","item":"https:\/\/enter.izvrsna.hr\/"},{"@type":"ListItem","position":2,"name":"Enter 2025"}]},{"@type":"WebSite","@id":"https:\/\/enter.izvrsna.hr\/#website","url":"https:\/\/enter.izvrsna.hr\/","name":"ENTER","description":"Tko ho\u0107e, na\u0111e na\u010din. Tko ne\u0107e, na\u0111e izgovor!","publisher":{"@id":"https:\/\/enter.izvrsna.hr\/#organization"},"potentialAction":[{"@type":"SearchAction","target":{"@type":"EntryPoint","urlTemplate":"https:\/\/enter.izvrsna.hr\/?s={search_term_string}"},"query-input":{"@type":"PropertyValueSpecification","valueRequired":true,"valueName":"search_term_string"}}],"inLanguage":"en-US"},{"@type":"Organization","@id":"https:\/\/enter.izvrsna.hr\/#organization","name":"ENTER","url":"https:\/\/enter.izvrsna.hr\/","logo":{"@type":"ImageObject","inLanguage":"en-US","@id":"https:\/\/enter.izvrsna.hr\/#\/schema\/logo\/image\/","url":"https:\/\/enter.izvrsna.hr\/wp-content\/uploads\/2023\/07\/LogoENTER2.png","contentUrl":"https:\/\/enter.izvrsna.hr\/wp-content\/uploads\/2023\/07\/LogoENTER2.png","width":350,"height":478,"caption":"ENTER"},"image":{"@id":"https:\/\/enter.izvrsna.hr\/#\/schema\/logo\/image\/"}}]}},"_links":{"self":[{"href":"https:\/\/enter.izvrsna.hr\/wp-json\/wp\/v2\/pages\/10206","targetHints":{"allow":["GET"]}}],"collection":[{"href":"https:\/\/enter.izvrsna.hr\/wp-json\/wp\/v2\/pages"}],"about":[{"href":"https:\/\/enter.izvrsna.hr\/wp-json\/wp\/v2\/types\/page"}],"author":[{"embeddable":true,"href":"https:\/\/enter.izvrsna.hr\/wp-json\/wp\/v2\/users\/9"}],"replies":[{"embeddable":true,"href":"https:\/\/enter.izvrsna.hr\/wp-json\/wp\/v2\/comments?post=10206"}],"version-history":[{"count":32,"href":"https:\/\/enter.izvrsna.hr\/wp-json\/wp\/v2\/pages\/10206\/revisions"}],"predecessor-version":[{"id":10744,"href":"https:\/\/enter.izvrsna.hr\/wp-json\/wp\/v2\/pages\/10206\/revisions\/10744"}],"wp:attachment":[{"href":"https:\/\/enter.izvrsna.hr\/wp-json\/wp\/v2\/media?parent=10206"}],"curies":[{"name":"wp","href":"https:\/\/api.w.org\/{rel}","templated":true}]}}