{"id":10679,"date":"2025-11-03T09:02:03","date_gmt":"2025-11-03T09:02:03","guid":{"rendered":"https:\/\/enter.izvrsna.hr\/?page_id=10679"},"modified":"2025-11-11T12:39:15","modified_gmt":"2025-11-11T12:39:15","slug":"posteri-2","status":"publish","type":"page","link":"https:\/\/enter.izvrsna.hr\/posteri-2\/","title":{"rendered":"Posteri"},"content":{"rendered":"\n<figure class=\"wp-block-table\"><table class=\"has-fixed-layout\"><thead><tr><th class=\"has-text-align-center\" data-align=\"center\">rb<\/th><th class=\"has-text-align-center\" data-align=\"center\">Autori<\/th><th class=\"has-text-align-center\" data-align=\"center\">Naslov<\/th><th class=\"has-text-align-center\" data-align=\"center\">Ustanova<\/th><\/tr><\/thead><tbody><tr><td class=\"has-text-align-center\" data-align=\"center\">1<\/td><td class=\"has-text-align-center\" data-align=\"center\">Alenka i Ivica \u0160imi\u0107<\/td><td class=\"has-text-align-center\" data-align=\"center\">Kap po kap, voda za \u017eivot<\/td><td class=\"has-text-align-center\" data-align=\"center\">O\u0160 kneza Branimira, Mu\u0107\/ O\u0160 Dugopolje<\/td><\/tr><tr><td class=\"has-text-align-center\" data-align=\"center\">2<\/td><td class=\"has-text-align-center\" data-align=\"center\">Bruno Horvat, Milan Paun i Slavenko \u010culjak<\/td><td class=\"has-text-align-center\" data-align=\"center\">EU Talks Po\u017eega 2025: Iz u\u010dionice u Parlament \u2013 Studenti oblikuju EU politike<\/td><td class=\"has-text-align-center\" data-align=\"center\">Fakultet turizma i ruralnog razvoja u Po\u017eegi<\/td><\/tr><tr><td class=\"has-text-align-center\" data-align=\"center\">3<\/td><td class=\"has-text-align-center\" data-align=\"center\">Denis Klaus, Gabriela Golubi\u0107 i Tatjana \u0160ijakovi\u0107 Katarin\u010dek<\/td><td class=\"has-text-align-center\" data-align=\"center\">Znanost i sport \u2013 sinergija za razvoj lokalne zajednice<\/td><td class=\"has-text-align-center\" data-align=\"center\">O\u0160 Ivana Benkovi\u0107a, Dugo Selo\/ O\u0160 kralja Zvonimira, Seget Donji<\/td><\/tr><tr><td class=\"has-text-align-center\" data-align=\"center\">4<\/td><td class=\"has-text-align-center\" data-align=\"center\">Ivana Miljak i Marija Bo\u0161kovi\u0107<\/td><td class=\"has-text-align-center\" data-align=\"center\">Emotanik: edukativno-dru\u0161tvena igra u odgoju i obrazovanju<\/td><td class=\"has-text-align-center\" data-align=\"center\">O\u0160 Srinjine<\/td><\/tr><tr><td class=\"has-text-align-center\" data-align=\"center\">5<\/td><td class=\"has-text-align-center\" data-align=\"center\">Ivana Mlikoti\u0107 i Petra Aljinovi\u0107<\/td><td class=\"has-text-align-center\" data-align=\"center\">Pametno jede\u0161, bolje se kre\u0107e\u0161 \u2013 \u017eivi\u0161 zdravije!<\/td><td class=\"has-text-align-center\" data-align=\"center\">Prirodoslovna \u0161kola Split<\/td><\/tr><tr><td class=\"has-text-align-center\" data-align=\"center\">6<\/td><td class=\"has-text-align-center\" data-align=\"center\">Kristina Prli\u0107 i Drinka Bedalov<\/td><td class=\"has-text-align-center\" data-align=\"center\">CROativne igre<\/td><td class=\"has-text-align-center\" data-align=\"center\">III. gimnazija Split<\/td><\/tr><tr><td class=\"has-text-align-center\" data-align=\"center\">7<\/td><td class=\"has-text-align-center\" data-align=\"center\">Ljubica Ilievska Rado\u0161evi\u0107, Ana Ivaneti\u0107 i Ivica Rado\u0161evi\u0107<\/td><td class=\"has-text-align-center\" data-align=\"center\">Prednosti 3D tiska u nastavi na primjeru izrade bookmarkera pomo\u0107u 3D printera (diseminacija me\u0111udr\u017eavnog projekta)<\/td><td class=\"has-text-align-center\" data-align=\"center\">O\u0160 dr.Jure Turi\u0107a, Gospi\u0107<\/td><\/tr><tr><td class=\"has-text-align-center\" data-align=\"center\">8<\/td><td class=\"has-text-align-center\" data-align=\"center\">Magda Bari\u0161i\u0107 i Ivana Prezzi<\/td><td class=\"has-text-align-center\" data-align=\"center\">Od istra\u017eivanja do rje\u0161enja: SAVE projekt u lokalnoj zajednici<\/td><td class=\"has-text-align-center\" data-align=\"center\">Komercijalno &#8211; trgova\u010dka \u0161kola Split<\/td><\/tr><tr><td class=\"has-text-align-center\" data-align=\"center\">9<\/td><td class=\"has-text-align-center\" data-align=\"center\">Maja Kri\u0161to i Manuela Brn\u010di\u0107 Dadi\u0107<\/td><td class=\"has-text-align-center\" data-align=\"center\">Prvi hrvatski kralj Tomislav \u2013 stvaratelj Hrvatskog Kraljevstva<\/td><td class=\"has-text-align-center\" data-align=\"center\">Obrtni\u010dko &#8211; tehni\u010dka \u0161kola Split<\/td><\/tr><tr><td class=\"has-text-align-center\" data-align=\"center\">10<\/td><td class=\"has-text-align-center\" data-align=\"center\">Marijana Gudi\u0107, Marijana Bandi\u0107 Buljan i Vesna Ru\u017ei\u0107<\/td><td class=\"has-text-align-center\" data-align=\"center\">Bez plastike do odr\u017eivosti<\/td><td class=\"has-text-align-center\" data-align=\"center\">O\u0160 kraljice Jelene, Solin<\/td><\/tr><tr><td class=\"has-text-align-center\" data-align=\"center\">11<\/td><td class=\"has-text-align-center\" data-align=\"center\">Marina Jura\u0161i\u0107 i Valentina Bla\u0161kovi\u0107<\/td><td class=\"has-text-align-center\" data-align=\"center\">Put do zdravlja<\/td><td class=\"has-text-align-center\" data-align=\"center\">Prva osnovna \u0161kola, Ogulin<\/td><\/tr><tr><td class=\"has-text-align-center\" data-align=\"center\">12<\/td><td class=\"has-text-align-center\" data-align=\"center\">Melita Brodar i Marina \u0160velec<\/td><td class=\"has-text-align-center\" data-align=\"center\">STEM Escape Room: Od izazova do otkri\u0107a<\/td><td class=\"has-text-align-center\" data-align=\"center\">O\u0160 Ivana Kukuljevi\u0107a Sakcinskog, Ivanec<\/td><\/tr><tr><td class=\"has-text-align-center\" data-align=\"center\">13<\/td><td class=\"has-text-align-center\" data-align=\"center\">Nenad Juda\u0161<\/td><td class=\"has-text-align-center\" data-align=\"center\">Projekt Poto\u010di\u0107i znanja \u2013 u\u010denje otkrivanjem (ESF projekt)<\/td><td class=\"has-text-align-center\" data-align=\"center\">Prirodoslovno-matemati\u010dki fakultet, Sveu\u010dili\u0161te u Zagrebu<\/td><\/tr><tr><td class=\"has-text-align-center\" data-align=\"center\">14<\/td><td class=\"has-text-align-center\" data-align=\"center\">Nikolina Grizelj, Mirko Antunovi\u0107 i Marijana Zaninovi\u0107<\/td><td class=\"has-text-align-center\" data-align=\"center\">Od Antigone do statistike: u\u010denici mijenjaju svijet<\/td><td class=\"has-text-align-center\" data-align=\"center\">S\u0160 Lovre Montija, Knin<\/td><\/tr><tr><td class=\"has-text-align-center\" data-align=\"center\">15<\/td><td class=\"has-text-align-center\" data-align=\"center\">Petra Sekuli\u0107, Marijana \u0160kunca-Vrki\u0107 i Monika Puhalovi\u0107<\/td><td class=\"has-text-align-center\" data-align=\"center\">Toplinski otoci u Zadru i Rugvici<\/td><td class=\"has-text-align-center\" data-align=\"center\">O\u0160 Rugvica\/ Medicinska \u0161kola Ante Kuzmani\u0107a, Zadar<\/td><\/tr><tr><td class=\"has-text-align-center\" data-align=\"center\">16<\/td><td class=\"has-text-align-center\" data-align=\"center\">Sandra Laci\u0107 i Vi\u0161nja \u0160uperba<\/td><td class=\"has-text-align-center\" data-align=\"center\">Slatko lice, gorka<\/td><td class=\"has-text-align-center\" data-align=\"center\">O\u0160 Brodarica<\/td><\/tr><tr><td class=\"has-text-align-center\" data-align=\"center\">17<\/td><td class=\"has-text-align-center\" data-align=\"center\">Tatjana \u0160ijakovi\u0107 Katarin\u010dek i Gabriela Golubi\u0107<\/td><td class=\"has-text-align-center\" data-align=\"center\">Roboti\u010dka glazbena avantura<\/td><td class=\"has-text-align-center\" data-align=\"center\">O\u0160 Ivana Benkovi\u0107, Dugo Selo<\/td><\/tr><tr><td class=\"has-text-align-center\" data-align=\"center\">18<\/td><td class=\"has-text-align-center\" data-align=\"center\">Udruga Breza<\/td><td class=\"has-text-align-center\" data-align=\"center\">\u010carobnjaci novog doba<\/td><td class=\"has-text-align-center\" data-align=\"center\">Udruga Breza<\/td><\/tr><tr><td class=\"has-text-align-center\" data-align=\"center\">19<\/td><td class=\"has-text-align-center\" data-align=\"center\">Valentina Bla\u0161kovi\u0107, Marina Jura\u0161i\u0107 i Gordana Bertovi\u0107<\/td><td class=\"has-text-align-center\" data-align=\"center\">Igra percepcije opti\u010dke iluzije u nastavi za poticanje darovitih u\u010denika<\/td><td class=\"has-text-align-center\" data-align=\"center\">Prva osnovna \u0161kola, Ogulin<\/td><\/tr><tr><td class=\"has-text-align-center\" data-align=\"center\">20<\/td><td class=\"has-text-align-center\" data-align=\"center\">Zvonimir Zubi\u0107, Marko Janji\u0161 i Filomena Marija Grgurin<\/td><td class=\"has-text-align-center\" data-align=\"center\">LevelUp \u2013 povezivanje obrazovanja, tehnologije i lokalne zajednice<\/td><td class=\"has-text-align-center\" data-align=\"center\">Udruga Loop<\/td><\/tr><tr><td class=\"has-text-align-center\" data-align=\"center\">21<\/td><td class=\"has-text-align-center\" data-align=\"center\">Marija Pustak, Lilja Mi\u0161\u010devi\u0107 i Nives Vladislavi\u0107&nbsp;<\/td><td class=\"has-text-align-center\" data-align=\"center\">Od teorije do prakse: projekti &#8220;Scientia&#8221; kao model suvremene STEM nastave<br><\/td><td class=\"has-text-align-center\" data-align=\"center\">Prirodoslovna \u0161kola Split\/Kemijsko-tehnolo\u0161ki fakultet, Split<br><\/td><\/tr><\/tbody><\/table><\/figure>\n\n\n\n<p><\/p>\n","protected":false},"excerpt":{"rendered":"<p>rb Autori Naslov Ustanova 1 Alenka i Ivica \u0160imi\u0107 Kap po kap, voda za \u017eivot O\u0160 kneza Branimira, Mu\u0107\/ O\u0160 Dugopolje 2 Bruno Horvat, Milan Paun i Slavenko \u010culjak EU Talks Po\u017eega 2025: Iz u\u010dionice u Parlament \u2013 Studenti oblikuju EU politike Fakultet turizma i ruralnog razvoja u Po\u017eegi 3 Denis Klaus, Gabriela Golubi\u0107 i [&hellip;]<\/p>\n","protected":false},"author":9,"featured_media":0,"parent":0,"menu_order":0,"comment_status":"closed","ping_status":"closed","template":"","meta":{"footnotes":""},"class_list":["post-10679","page","type-page","status-publish","hentry"],"yoast_head":"<!-- This site is optimized with the Yoast SEO plugin v23.4 - https:\/\/yoast.com\/wordpress\/plugins\/seo\/ -->\n<title>Posteri - ENTER<\/title>\n<meta name=\"robots\" content=\"index, follow, max-snippet:-1, max-image-preview:large, max-video-preview:-1\" \/>\n<link rel=\"canonical\" href=\"https:\/\/enter.izvrsna.hr\/posteri-2\/\" \/>\n<meta property=\"og:locale\" content=\"en_US\" \/>\n<meta property=\"og:type\" content=\"article\" \/>\n<meta property=\"og:title\" content=\"Posteri - ENTER\" \/>\n<meta property=\"og:description\" content=\"rb Autori Naslov Ustanova 1 Alenka i Ivica \u0160imi\u0107 Kap po kap, voda za \u017eivot O\u0160 kneza Branimira, Mu\u0107\/ O\u0160 Dugopolje 2 Bruno Horvat, Milan Paun i Slavenko \u010culjak EU Talks Po\u017eega 2025: Iz u\u010dionice u Parlament \u2013 Studenti oblikuju EU politike Fakultet turizma i ruralnog razvoja u Po\u017eegi 3 Denis Klaus, Gabriela Golubi\u0107 i [&hellip;]\" \/>\n<meta property=\"og:url\" content=\"https:\/\/enter.izvrsna.hr\/posteri-2\/\" \/>\n<meta property=\"og:site_name\" content=\"ENTER\" \/>\n<meta property=\"article:modified_time\" content=\"2025-11-11T12:39:15+00:00\" \/>\n<meta name=\"twitter:card\" content=\"summary_large_image\" \/>\n<meta name=\"twitter:label1\" content=\"Est. reading time\" \/>\n\t<meta name=\"twitter:data1\" content=\"2 minutes\" \/>\n<script type=\"application\/ld+json\" class=\"yoast-schema-graph\">{\"@context\":\"https:\/\/schema.org\",\"@graph\":[{\"@type\":\"WebPage\",\"@id\":\"https:\/\/enter.izvrsna.hr\/posteri-2\/\",\"url\":\"https:\/\/enter.izvrsna.hr\/posteri-2\/\",\"name\":\"Posteri - ENTER\",\"isPartOf\":{\"@id\":\"https:\/\/enter.izvrsna.hr\/#website\"},\"datePublished\":\"2025-11-03T09:02:03+00:00\",\"dateModified\":\"2025-11-11T12:39:15+00:00\",\"breadcrumb\":{\"@id\":\"https:\/\/enter.izvrsna.hr\/posteri-2\/#breadcrumb\"},\"inLanguage\":\"en-US\",\"potentialAction\":[{\"@type\":\"ReadAction\",\"target\":[\"https:\/\/enter.izvrsna.hr\/posteri-2\/\"]}]},{\"@type\":\"BreadcrumbList\",\"@id\":\"https:\/\/enter.izvrsna.hr\/posteri-2\/#breadcrumb\",\"itemListElement\":[{\"@type\":\"ListItem\",\"position\":1,\"name\":\"Po\u010detna stranica\",\"item\":\"https:\/\/enter.izvrsna.hr\/\"},{\"@type\":\"ListItem\",\"position\":2,\"name\":\"Posteri\"}]},{\"@type\":\"WebSite\",\"@id\":\"https:\/\/enter.izvrsna.hr\/#website\",\"url\":\"https:\/\/enter.izvrsna.hr\/\",\"name\":\"ENTER\",\"description\":\"Tko ho\u0107e, na\u0111e na\u010din. Tko ne\u0107e, na\u0111e izgovor!\",\"publisher\":{\"@id\":\"https:\/\/enter.izvrsna.hr\/#organization\"},\"potentialAction\":[{\"@type\":\"SearchAction\",\"target\":{\"@type\":\"EntryPoint\",\"urlTemplate\":\"https:\/\/enter.izvrsna.hr\/?s={search_term_string}\"},\"query-input\":{\"@type\":\"PropertyValueSpecification\",\"valueRequired\":true,\"valueName\":\"search_term_string\"}}],\"inLanguage\":\"en-US\"},{\"@type\":\"Organization\",\"@id\":\"https:\/\/enter.izvrsna.hr\/#organization\",\"name\":\"ENTER\",\"url\":\"https:\/\/enter.izvrsna.hr\/\",\"logo\":{\"@type\":\"ImageObject\",\"inLanguage\":\"en-US\",\"@id\":\"https:\/\/enter.izvrsna.hr\/#\/schema\/logo\/image\/\",\"url\":\"https:\/\/enter.izvrsna.hr\/wp-content\/uploads\/2023\/07\/LogoENTER2.png\",\"contentUrl\":\"https:\/\/enter.izvrsna.hr\/wp-content\/uploads\/2023\/07\/LogoENTER2.png\",\"width\":350,\"height\":478,\"caption\":\"ENTER\"},\"image\":{\"@id\":\"https:\/\/enter.izvrsna.hr\/#\/schema\/logo\/image\/\"}}]}<\/script>\n<!-- \/ Yoast SEO plugin. -->","yoast_head_json":{"title":"Posteri - ENTER","robots":{"index":"index","follow":"follow","max-snippet":"max-snippet:-1","max-image-preview":"max-image-preview:large","max-video-preview":"max-video-preview:-1"},"canonical":"https:\/\/enter.izvrsna.hr\/posteri-2\/","og_locale":"en_US","og_type":"article","og_title":"Posteri - ENTER","og_description":"rb Autori Naslov Ustanova 1 Alenka i Ivica \u0160imi\u0107 Kap po kap, voda za \u017eivot O\u0160 kneza Branimira, Mu\u0107\/ O\u0160 Dugopolje 2 Bruno Horvat, Milan Paun i Slavenko \u010culjak EU Talks Po\u017eega 2025: Iz u\u010dionice u Parlament \u2013 Studenti oblikuju EU politike Fakultet turizma i ruralnog razvoja u Po\u017eegi 3 Denis Klaus, Gabriela Golubi\u0107 i [&hellip;]","og_url":"https:\/\/enter.izvrsna.hr\/posteri-2\/","og_site_name":"ENTER","article_modified_time":"2025-11-11T12:39:15+00:00","twitter_card":"summary_large_image","twitter_misc":{"Est. reading time":"2 minutes"},"schema":{"@context":"https:\/\/schema.org","@graph":[{"@type":"WebPage","@id":"https:\/\/enter.izvrsna.hr\/posteri-2\/","url":"https:\/\/enter.izvrsna.hr\/posteri-2\/","name":"Posteri - ENTER","isPartOf":{"@id":"https:\/\/enter.izvrsna.hr\/#website"},"datePublished":"2025-11-03T09:02:03+00:00","dateModified":"2025-11-11T12:39:15+00:00","breadcrumb":{"@id":"https:\/\/enter.izvrsna.hr\/posteri-2\/#breadcrumb"},"inLanguage":"en-US","potentialAction":[{"@type":"ReadAction","target":["https:\/\/enter.izvrsna.hr\/posteri-2\/"]}]},{"@type":"BreadcrumbList","@id":"https:\/\/enter.izvrsna.hr\/posteri-2\/#breadcrumb","itemListElement":[{"@type":"ListItem","position":1,"name":"Po\u010detna stranica","item":"https:\/\/enter.izvrsna.hr\/"},{"@type":"ListItem","position":2,"name":"Posteri"}]},{"@type":"WebSite","@id":"https:\/\/enter.izvrsna.hr\/#website","url":"https:\/\/enter.izvrsna.hr\/","name":"ENTER","description":"Tko ho\u0107e, na\u0111e na\u010din. Tko ne\u0107e, na\u0111e izgovor!","publisher":{"@id":"https:\/\/enter.izvrsna.hr\/#organization"},"potentialAction":[{"@type":"SearchAction","target":{"@type":"EntryPoint","urlTemplate":"https:\/\/enter.izvrsna.hr\/?s={search_term_string}"},"query-input":{"@type":"PropertyValueSpecification","valueRequired":true,"valueName":"search_term_string"}}],"inLanguage":"en-US"},{"@type":"Organization","@id":"https:\/\/enter.izvrsna.hr\/#organization","name":"ENTER","url":"https:\/\/enter.izvrsna.hr\/","logo":{"@type":"ImageObject","inLanguage":"en-US","@id":"https:\/\/enter.izvrsna.hr\/#\/schema\/logo\/image\/","url":"https:\/\/enter.izvrsna.hr\/wp-content\/uploads\/2023\/07\/LogoENTER2.png","contentUrl":"https:\/\/enter.izvrsna.hr\/wp-content\/uploads\/2023\/07\/LogoENTER2.png","width":350,"height":478,"caption":"ENTER"},"image":{"@id":"https:\/\/enter.izvrsna.hr\/#\/schema\/logo\/image\/"}}]}},"_links":{"self":[{"href":"https:\/\/enter.izvrsna.hr\/wp-json\/wp\/v2\/pages\/10679","targetHints":{"allow":["GET"]}}],"collection":[{"href":"https:\/\/enter.izvrsna.hr\/wp-json\/wp\/v2\/pages"}],"about":[{"href":"https:\/\/enter.izvrsna.hr\/wp-json\/wp\/v2\/types\/page"}],"author":[{"embeddable":true,"href":"https:\/\/enter.izvrsna.hr\/wp-json\/wp\/v2\/users\/9"}],"replies":[{"embeddable":true,"href":"https:\/\/enter.izvrsna.hr\/wp-json\/wp\/v2\/comments?post=10679"}],"version-history":[{"count":4,"href":"https:\/\/enter.izvrsna.hr\/wp-json\/wp\/v2\/pages\/10679\/revisions"}],"predecessor-version":[{"id":10738,"href":"https:\/\/enter.izvrsna.hr\/wp-json\/wp\/v2\/pages\/10679\/revisions\/10738"}],"wp:attachment":[{"href":"https:\/\/enter.izvrsna.hr\/wp-json\/wp\/v2\/media?parent=10679"}],"curies":[{"name":"wp","href":"https:\/\/api.w.org\/{rel}","templated":true}]}}