{"id":68,"date":"2019-10-15T13:50:19","date_gmt":"2019-10-15T13:50:19","guid":{"rendered":"http:\/\/voelas-wp.dan-fisher.com\/?page_id=68"},"modified":"2024-04-02T10:50:48","modified_gmt":"2024-04-02T10:50:48","slug":"evaluacije","status":"publish","type":"page","link":"https:\/\/enter.izvrsna.hr\/evaluacije\/","title":{"rendered":"Evaluacije"},"content":{"rendered":"<h4>\n<h4 data-elementor-setting-key=\"title\" data-pen-placeholder=\"Upi\u0161i ovdje...\" style=\"letter-spacing: normal; text-align: center;\">EVALUACIJE ENTER KONFERENCIJA<\/h4>\n<\/h4>\n<figure><a href=\"https:\/\/enter.izvrsna.hr\/wp-content\/uploads\/2024\/04\/Evaluacija-ENTER-Radisson-Blu2023.pdf\"><img decoding=\"async\" src=\"https:\/\/enter.izvrsna.hr\/wp-content\/uploads\/2024\/04\/enter2023-e1712054947757.png\" alt=\"\"><br \/>\n\t\t\t<img decoding=\"async\" src=\"https:\/\/enter.izvrsna.hr\/wp-content\/uploads\/2024\/04\/enter2023-e1712054947757.png\" alt=\"\"><br \/>\n<\/a><\/figure>\n<h5>\n\t\t\t\t\t<a href=\"https:\/\/enter.izvrsna.hr\/wp-content\/uploads\/2024\/04\/Evaluacija-ENTER-Radisson-Blu2023.pdf\" ><br \/>\n\t\t\t\t\t\tenter 2023.\t\t\t\t\t<\/a><br \/>\n\t\t\t\t<\/h5>\n<figure><a href=\"https:\/\/enter.izvrsna.hr\/wp-content\/uploads\/2024\/04\/Evaluacija-Enter-2022.pdf\"><img decoding=\"async\" src=\"https:\/\/enter.izvrsna.hr\/wp-content\/uploads\/2024\/04\/LogoENTER2-e1712054968790.png\" alt=\"\"><br \/>\n\t\t\t<img decoding=\"async\" src=\"https:\/\/enter.izvrsna.hr\/wp-content\/uploads\/2024\/04\/LogoENTER2-e1712054968790.png\" alt=\"\"><br \/>\n<\/a><\/figure>\n<h5>\n\t\t\t\t\t<a href=\"https:\/\/enter.izvrsna.hr\/wp-content\/uploads\/2024\/04\/Evaluacija-Enter-2022.pdf\" ><br \/>\n\t\t\t\t\t\tenter 2022.\t\t\t\t\t<\/a><br \/>\n\t\t\t\t<\/h5>\n<figure><a href=\"https:\/\/enter.izvrsna.hr\/wp-content\/uploads\/2024\/04\/Evaluacija-ENTER-koferencija-2021.pdf\"><img decoding=\"async\" src=\"https:\/\/enter.izvrsna.hr\/wp-content\/uploads\/2024\/04\/logo-enter-2021.png\" alt=\"\"><br \/>\n\t\t\t<img decoding=\"async\" src=\"https:\/\/enter.izvrsna.hr\/wp-content\/uploads\/2024\/04\/logo-enter-2021.png\" alt=\"\"><br \/>\n<\/a><\/figure>\n<h5>\n\t\t\t\t\t<a href=\"https:\/\/enter.izvrsna.hr\/wp-content\/uploads\/2024\/04\/Evaluacija-ENTER-koferencija-2021.pdf\" ><br \/>\n\t\t\t\t\t\tEnter 2021.\t\t\t\t\t<\/a><br \/>\n\t\t\t\t<\/h5>\n","protected":false},"excerpt":{"rendered":"<p>EVALUACIJE ENTER KONFERENCIJA enter 2023. enter 2022. Enter 2021.<\/p>\n","protected":false},"author":1,"featured_media":0,"parent":0,"menu_order":0,"comment_status":"closed","ping_status":"closed","template":"elementor_header_footer","meta":{"footnotes":""},"class_list":["post-68","page","type-page","status-publish","hentry"],"yoast_head":"<!-- This site is optimized with the Yoast SEO plugin v23.4 - https:\/\/yoast.com\/wordpress\/plugins\/seo\/ -->\n<title>Evaluacije - ENTER<\/title>\n<meta name=\"robots\" content=\"index, follow, max-snippet:-1, max-image-preview:large, max-video-preview:-1\" \/>\n<link rel=\"canonical\" href=\"https:\/\/enter.izvrsna.hr\/evaluacije\/\" \/>\n<meta property=\"og:locale\" content=\"en_US\" \/>\n<meta property=\"og:type\" content=\"article\" \/>\n<meta property=\"og:title\" content=\"Evaluacije - ENTER\" \/>\n<meta property=\"og:description\" content=\"EVALUACIJE ENTER KONFERENCIJA enter 2023. enter 2022. Enter 2021.\" \/>\n<meta property=\"og:url\" content=\"https:\/\/enter.izvrsna.hr\/evaluacije\/\" \/>\n<meta property=\"og:site_name\" content=\"ENTER\" \/>\n<meta property=\"article:modified_time\" content=\"2024-04-02T10:50:48+00:00\" \/>\n<meta property=\"og:image\" content=\"https:\/\/enter.izvrsna.hr\/wp-content\/uploads\/2024\/04\/enter2023-e1712054947757.png\" \/>\n<meta name=\"twitter:card\" content=\"summary_large_image\" \/>\n<meta name=\"twitter:label1\" content=\"Est. reading time\" \/>\n\t<meta name=\"twitter:data1\" content=\"2 minutes\" \/>\n<script type=\"application\/ld+json\" class=\"yoast-schema-graph\">{\"@context\":\"https:\/\/schema.org\",\"@graph\":[{\"@type\":\"WebPage\",\"@id\":\"https:\/\/enter.izvrsna.hr\/evaluacije\/\",\"url\":\"https:\/\/enter.izvrsna.hr\/evaluacije\/\",\"name\":\"Evaluacije - ENTER\",\"isPartOf\":{\"@id\":\"https:\/\/enter.izvrsna.hr\/#website\"},\"primaryImageOfPage\":{\"@id\":\"https:\/\/enter.izvrsna.hr\/evaluacije\/#primaryimage\"},\"image\":{\"@id\":\"https:\/\/enter.izvrsna.hr\/evaluacije\/#primaryimage\"},\"thumbnailUrl\":\"https:\/\/enter.izvrsna.hr\/wp-content\/uploads\/2024\/04\/enter2023-e1712054947757.png\",\"datePublished\":\"2019-10-15T13:50:19+00:00\",\"dateModified\":\"2024-04-02T10:50:48+00:00\",\"breadcrumb\":{\"@id\":\"https:\/\/enter.izvrsna.hr\/evaluacije\/#breadcrumb\"},\"inLanguage\":\"en-US\",\"potentialAction\":[{\"@type\":\"ReadAction\",\"target\":[\"https:\/\/enter.izvrsna.hr\/evaluacije\/\"]}]},{\"@type\":\"ImageObject\",\"inLanguage\":\"en-US\",\"@id\":\"https:\/\/enter.izvrsna.hr\/evaluacije\/#primaryimage\",\"url\":\"https:\/\/enter.izvrsna.hr\/wp-content\/uploads\/2024\/04\/enter2023-e1712054947757.png\",\"contentUrl\":\"https:\/\/enter.izvrsna.hr\/wp-content\/uploads\/2024\/04\/enter2023-e1712054947757.png\",\"width\":70,\"height\":72},{\"@type\":\"BreadcrumbList\",\"@id\":\"https:\/\/enter.izvrsna.hr\/evaluacije\/#breadcrumb\",\"itemListElement\":[{\"@type\":\"ListItem\",\"position\":1,\"name\":\"Po\u010detna stranica\",\"item\":\"https:\/\/enter.izvrsna.hr\/\"},{\"@type\":\"ListItem\",\"position\":2,\"name\":\"Evaluacije\"}]},{\"@type\":\"WebSite\",\"@id\":\"https:\/\/enter.izvrsna.hr\/#website\",\"url\":\"https:\/\/enter.izvrsna.hr\/\",\"name\":\"ENTER\",\"description\":\"Tko ho\u0107e, na\u0111e na\u010din. Tko ne\u0107e, na\u0111e izgovor!\",\"publisher\":{\"@id\":\"https:\/\/enter.izvrsna.hr\/#organization\"},\"potentialAction\":[{\"@type\":\"SearchAction\",\"target\":{\"@type\":\"EntryPoint\",\"urlTemplate\":\"https:\/\/enter.izvrsna.hr\/?s={search_term_string}\"},\"query-input\":{\"@type\":\"PropertyValueSpecification\",\"valueRequired\":true,\"valueName\":\"search_term_string\"}}],\"inLanguage\":\"en-US\"},{\"@type\":\"Organization\",\"@id\":\"https:\/\/enter.izvrsna.hr\/#organization\",\"name\":\"ENTER\",\"url\":\"https:\/\/enter.izvrsna.hr\/\",\"logo\":{\"@type\":\"ImageObject\",\"inLanguage\":\"en-US\",\"@id\":\"https:\/\/enter.izvrsna.hr\/#\/schema\/logo\/image\/\",\"url\":\"https:\/\/enter.izvrsna.hr\/wp-content\/uploads\/2023\/07\/LogoENTER2.png\",\"contentUrl\":\"https:\/\/enter.izvrsna.hr\/wp-content\/uploads\/2023\/07\/LogoENTER2.png\",\"width\":350,\"height\":478,\"caption\":\"ENTER\"},\"image\":{\"@id\":\"https:\/\/enter.izvrsna.hr\/#\/schema\/logo\/image\/\"}}]}<\/script>\n<!-- \/ Yoast SEO plugin. -->","yoast_head_json":{"title":"Evaluacije - ENTER","robots":{"index":"index","follow":"follow","max-snippet":"max-snippet:-1","max-image-preview":"max-image-preview:large","max-video-preview":"max-video-preview:-1"},"canonical":"https:\/\/enter.izvrsna.hr\/evaluacije\/","og_locale":"en_US","og_type":"article","og_title":"Evaluacije - ENTER","og_description":"EVALUACIJE ENTER KONFERENCIJA enter 2023. enter 2022. Enter 2021.","og_url":"https:\/\/enter.izvrsna.hr\/evaluacije\/","og_site_name":"ENTER","article_modified_time":"2024-04-02T10:50:48+00:00","og_image":[{"url":"https:\/\/enter.izvrsna.hr\/wp-content\/uploads\/2024\/04\/enter2023-e1712054947757.png"}],"twitter_card":"summary_large_image","twitter_misc":{"Est. reading time":"2 minutes"},"schema":{"@context":"https:\/\/schema.org","@graph":[{"@type":"WebPage","@id":"https:\/\/enter.izvrsna.hr\/evaluacije\/","url":"https:\/\/enter.izvrsna.hr\/evaluacije\/","name":"Evaluacije - ENTER","isPartOf":{"@id":"https:\/\/enter.izvrsna.hr\/#website"},"primaryImageOfPage":{"@id":"https:\/\/enter.izvrsna.hr\/evaluacije\/#primaryimage"},"image":{"@id":"https:\/\/enter.izvrsna.hr\/evaluacije\/#primaryimage"},"thumbnailUrl":"https:\/\/enter.izvrsna.hr\/wp-content\/uploads\/2024\/04\/enter2023-e1712054947757.png","datePublished":"2019-10-15T13:50:19+00:00","dateModified":"2024-04-02T10:50:48+00:00","breadcrumb":{"@id":"https:\/\/enter.izvrsna.hr\/evaluacije\/#breadcrumb"},"inLanguage":"en-US","potentialAction":[{"@type":"ReadAction","target":["https:\/\/enter.izvrsna.hr\/evaluacije\/"]}]},{"@type":"ImageObject","inLanguage":"en-US","@id":"https:\/\/enter.izvrsna.hr\/evaluacije\/#primaryimage","url":"https:\/\/enter.izvrsna.hr\/wp-content\/uploads\/2024\/04\/enter2023-e1712054947757.png","contentUrl":"https:\/\/enter.izvrsna.hr\/wp-content\/uploads\/2024\/04\/enter2023-e1712054947757.png","width":70,"height":72},{"@type":"BreadcrumbList","@id":"https:\/\/enter.izvrsna.hr\/evaluacije\/#breadcrumb","itemListElement":[{"@type":"ListItem","position":1,"name":"Po\u010detna stranica","item":"https:\/\/enter.izvrsna.hr\/"},{"@type":"ListItem","position":2,"name":"Evaluacije"}]},{"@type":"WebSite","@id":"https:\/\/enter.izvrsna.hr\/#website","url":"https:\/\/enter.izvrsna.hr\/","name":"ENTER","description":"Tko ho\u0107e, na\u0111e na\u010din. Tko ne\u0107e, na\u0111e izgovor!","publisher":{"@id":"https:\/\/enter.izvrsna.hr\/#organization"},"potentialAction":[{"@type":"SearchAction","target":{"@type":"EntryPoint","urlTemplate":"https:\/\/enter.izvrsna.hr\/?s={search_term_string}"},"query-input":{"@type":"PropertyValueSpecification","valueRequired":true,"valueName":"search_term_string"}}],"inLanguage":"en-US"},{"@type":"Organization","@id":"https:\/\/enter.izvrsna.hr\/#organization","name":"ENTER","url":"https:\/\/enter.izvrsna.hr\/","logo":{"@type":"ImageObject","inLanguage":"en-US","@id":"https:\/\/enter.izvrsna.hr\/#\/schema\/logo\/image\/","url":"https:\/\/enter.izvrsna.hr\/wp-content\/uploads\/2023\/07\/LogoENTER2.png","contentUrl":"https:\/\/enter.izvrsna.hr\/wp-content\/uploads\/2023\/07\/LogoENTER2.png","width":350,"height":478,"caption":"ENTER"},"image":{"@id":"https:\/\/enter.izvrsna.hr\/#\/schema\/logo\/image\/"}}]}},"_links":{"self":[{"href":"https:\/\/enter.izvrsna.hr\/wp-json\/wp\/v2\/pages\/68","targetHints":{"allow":["GET"]}}],"collection":[{"href":"https:\/\/enter.izvrsna.hr\/wp-json\/wp\/v2\/pages"}],"about":[{"href":"https:\/\/enter.izvrsna.hr\/wp-json\/wp\/v2\/types\/page"}],"author":[{"embeddable":true,"href":"https:\/\/enter.izvrsna.hr\/wp-json\/wp\/v2\/users\/1"}],"replies":[{"embeddable":true,"href":"https:\/\/enter.izvrsna.hr\/wp-json\/wp\/v2\/comments?post=68"}],"version-history":[{"count":23,"href":"https:\/\/enter.izvrsna.hr\/wp-json\/wp\/v2\/pages\/68\/revisions"}],"predecessor-version":[{"id":5368,"href":"https:\/\/enter.izvrsna.hr\/wp-json\/wp\/v2\/pages\/68\/revisions\/5368"}],"wp:attachment":[{"href":"https:\/\/enter.izvrsna.hr\/wp-json\/wp\/v2\/media?parent=68"}],"curies":[{"name":"wp","href":"https:\/\/api.w.org\/{rel}","templated":true}]}}